{"id":1167,"date":"2024-12-14T21:26:06","date_gmt":"2024-12-14T20:26:06","guid":{"rendered":"https:\/\/hotelhumainamalaga.com\/?page_id=1167"},"modified":"2025-04-04T19:59:04","modified_gmt":"2025-04-04T17:59:04","slug":"actividades-humaina","status":"publish","type":"page","link":"https:\/\/hotelhumainamalaga.com\/en\/actividades-humaina\/","title":{"rendered":"Actividades Humaina"},"content":{"rendered":"\t\t<div data-elementor-type=\"wp-page\" data-elementor-id=\"1167\" class=\"elementor elementor-1167\" data-elementor-post-type=\"page\">\n\t\t\t\t<div class=\"elementor-element elementor-element-71d4e19 e-flex e-con-boxed e-con e-parent\" data-id=\"71d4e19\" data-element_type=\"container\" data-settings=\"{&quot;background_background&quot;:&quot;classic&quot;}\">\n\t\t\t\t\t<div class=\"e-con-inner\">\n\t\t\t\t<div class=\"elementor-element elementor-element-4849dce elementor-widget elementor-widget-heading\" data-id=\"4849dce\" data-element_type=\"widget\" data-widget_type=\"heading.default\">\n\t\t\t\t<div class=\"elementor-widget-container\">\n\t\t\t\t\t<h1 class=\"elementor-heading-title elementor-size-default\">Activities<\/h1>\t\t\t\t<\/div>\n\t\t\t\t<\/div>\n\t\t\t\t\t<\/div>\n\t\t\t\t<\/div>\n\t\t<div class=\"elementor-element elementor-element-c7fda50 e-flex e-con-boxed e-con e-parent\" data-id=\"c7fda50\" data-element_type=\"container\">\n\t\t\t\t\t<div class=\"e-con-inner\">\n\t\t\t\t<div class=\"elementor-element elementor-element-3b02c20 elementor-widget__width-initial elementor-widget elementor-widget-text-editor\" data-id=\"3b02c20\" data-element_type=\"widget\" data-widget_type=\"text-editor.default\">\n\t\t\t\t<div class=\"elementor-widget-container\">\n\t\t\t\t\t\t\t\t\t<p>Humaina is the ideal starting point to enjoy the Natural Park and its nature activities. It has marked hiking trails all around, incredible viewpoints where you can enjoy wonderful views of the city and recreational areas.<\/p>\t\t\t\t\t\t\t\t<\/div>\n\t\t\t\t<\/div>\n\t\t\t\t<div class=\"elementor-element elementor-element-84e8cb6 elementor-widget__width-initial elementor-widget elementor-widget-text-editor\" data-id=\"84e8cb6\" data-element_type=\"widget\" data-widget_type=\"text-editor.default\">\n\t\t\t\t<div class=\"elementor-widget-container\">\n\t\t\t\t\t\t\t\t\t<p>Unite with the natural environment of the Montes de M\u00e1laga.<\/p>\t\t\t\t\t\t\t\t<\/div>\n\t\t\t\t<\/div>\n\t\t\t\t\t<\/div>\n\t\t\t\t<\/div>\n\t\t<div class=\"elementor-element elementor-element-b94a629 e-flex e-con-boxed e-con e-parent\" data-id=\"b94a629\" data-element_type=\"container\">\n\t\t\t\t\t<div class=\"e-con-inner\">\n\t\t<div class=\"elementor-element elementor-element-3d60406 e-con-full e-flex e-con e-child\" data-id=\"3d60406\" data-element_type=\"container\" data-settings=\"{&quot;background_background&quot;:&quot;classic&quot;}\">\n\t\t\t\t<\/div>\n\t\t<div class=\"elementor-element elementor-element-f7af92e e-con-full e-flex e-con e-child\" data-id=\"f7af92e\" data-element_type=\"container\" data-settings=\"{&quot;background_background&quot;:&quot;classic&quot;}\">\n\t\t\t\t<div class=\"elementor-element elementor-element-4241250 elementor-widget elementor-widget-heading\" data-id=\"4241250\" data-element_type=\"widget\" data-widget_type=\"heading.default\">\n\t\t\t\t<div class=\"elementor-widget-container\">\n\t\t\t\t\t<h2 class=\"elementor-heading-title elementor-size-default\">Hiking<\/h2>\t\t\t\t<\/div>\n\t\t\t\t<\/div>\n\t\t\t\t<div class=\"elementor-element elementor-element-5de5c47 elementor-widget elementor-widget-text-editor\" data-id=\"5de5c47\" data-element_type=\"widget\" data-widget_type=\"text-editor.default\">\n\t\t\t\t<div class=\"elementor-widget-container\">\n\t\t\t\t\t\t\t\t\t<p>Discover the best hiking routes in the Natural Park Montes de M\u00e1laga such as San Telmo &#8211; Salto del picadero, Mirador de Pocop\u00e1n, Venta el boticario, Venta El Detalle among others.<\/p>\t\t\t\t\t\t\t\t<\/div>\n\t\t\t\t<\/div>\n\t\t\t\t<div class=\"elementor-element elementor-element-0aec332 elementor-widget elementor-widget-button\" data-id=\"0aec332\" data-element_type=\"widget\" data-widget_type=\"button.default\">\n\t\t\t\t<div class=\"elementor-widget-container\">\n\t\t\t\t\t\t\t\t\t<div class=\"elementor-button-wrapper\">\n\t\t\t\t\t<a class=\"elementor-button elementor-button-link elementor-size-sm\" href=\"https:\/\/www.alltrails.com\/es\/parques\/spain\/malaga\/parque-natural-montes-de-malaga&#038;lang=en\" target=\"_blank\" rel=\"nofollow\">\n\t\t\t\t\t\t<span class=\"elementor-button-content-wrapper\">\n\t\t\t\t\t\t\t\t\t<span class=\"elementor-button-text\">SEE MORE<\/span>\n\t\t\t\t\t<\/span>\n\t\t\t\t\t<\/a>\n\t\t\t\t<\/div>\n\t\t\t\t\t\t\t\t<\/div>\n\t\t\t\t<\/div>\n\t\t\t\t<\/div>\n\t\t\t\t\t<\/div>\n\t\t\t\t<\/div>\n\t\t<div class=\"elementor-element elementor-element-ccf6ca6 e-flex e-con-boxed e-con e-parent\" data-id=\"ccf6ca6\" data-element_type=\"container\">\n\t\t\t\t\t<div class=\"e-con-inner\">\n\t\t<div class=\"elementor-element elementor-element-22f7771 e-con-full e-flex e-con e-child\" data-id=\"22f7771\" data-element_type=\"container\" data-settings=\"{&quot;background_background&quot;:&quot;classic&quot;}\">\n\t\t\t\t<div class=\"elementor-element elementor-element-0466188 elementor-widget elementor-widget-heading\" data-id=\"0466188\" data-element_type=\"widget\" data-widget_type=\"heading.default\">\n\t\t\t\t<div class=\"elementor-widget-container\">\n\t\t\t\t\t<h2 class=\"elementor-heading-title elementor-size-default\">Birdwatching<\/h2>\t\t\t\t<\/div>\n\t\t\t\t<\/div>\n\t\t\t\t<div class=\"elementor-element elementor-element-2cc9ac1 elementor-widget elementor-widget-text-editor\" data-id=\"2cc9ac1\" data-element_type=\"widget\" data-widget_type=\"text-editor.default\">\n\t\t\t\t<div class=\"elementor-widget-container\">\n\t\t\t\t\t\t\t\t\t<p>Enjoy typical forest species such as chaffinch, great tit and chickadee, nuthatch in wet and high areas, short-toed treecreeper and, during spring and summer, booted and short-toed eagles, among other species.<\/p>\t\t\t\t\t\t\t\t<\/div>\n\t\t\t\t<\/div>\n\t\t\t\t<div class=\"elementor-element elementor-element-d28cb7f elementor-widget elementor-widget-button\" data-id=\"d28cb7f\" data-element_type=\"widget\" data-widget_type=\"button.default\">\n\t\t\t\t<div class=\"elementor-widget-container\">\n\t\t\t\t\t\t\t\t\t<div class=\"elementor-button-wrapper\">\n\t\t\t\t\t<a class=\"elementor-button elementor-button-link elementor-size-sm\" href=\"https:\/\/www.birdingmalaga.es\/es\/rutas\/lis_pg-18\/lis_cd-10515\/montes-de-malaga\" target=\"_blank\" rel=\"nofollow\">\n\t\t\t\t\t\t<span class=\"elementor-button-content-wrapper\">\n\t\t\t\t\t\t\t\t\t<span class=\"elementor-button-text\">SEE MORE<\/span>\n\t\t\t\t\t<\/span>\n\t\t\t\t\t<\/a>\n\t\t\t\t<\/div>\n\t\t\t\t\t\t\t\t<\/div>\n\t\t\t\t<\/div>\n\t\t\t\t<\/div>\n\t\t<div class=\"elementor-element elementor-element-60b6cdc e-con-full e-flex e-con e-child\" data-id=\"60b6cdc\" data-element_type=\"container\" data-settings=\"{&quot;background_background&quot;:&quot;classic&quot;}\">\n\t\t\t\t<\/div>\n\t\t\t\t\t<\/div>\n\t\t\t\t<\/div>\n\t\t<div class=\"elementor-element elementor-element-ada4cf8 e-flex e-con-boxed e-con e-parent\" data-id=\"ada4cf8\" data-element_type=\"container\">\n\t\t\t\t\t<div class=\"e-con-inner\">\n\t\t<div class=\"elementor-element elementor-element-e963496 e-con-full e-flex e-con e-child\" data-id=\"e963496\" data-element_type=\"container\" data-settings=\"{&quot;background_background&quot;:&quot;classic&quot;}\">\n\t\t\t\t<\/div>\n\t\t<div class=\"elementor-element elementor-element-8d085f9 e-con-full e-flex e-con e-child\" data-id=\"8d085f9\" data-element_type=\"container\" data-settings=\"{&quot;background_background&quot;:&quot;classic&quot;}\">\n\t\t\t\t<div class=\"elementor-element elementor-element-73ec882 elementor-widget elementor-widget-heading\" data-id=\"73ec882\" data-element_type=\"widget\" data-widget_type=\"heading.default\">\n\t\t\t\t<div class=\"elementor-widget-container\">\n\t\t\t\t\t<h2 class=\"elementor-heading-title elementor-size-default\">Ecotourism and outdoor walks<\/h2>\t\t\t\t<\/div>\n\t\t\t\t<\/div>\n\t\t\t\t<div class=\"elementor-element elementor-element-a3aa5ab elementor-widget elementor-widget-text-editor\" data-id=\"a3aa5ab\" data-element_type=\"widget\" data-widget_type=\"text-editor.default\">\n\t\t\t\t<div class=\"elementor-widget-container\">\n\t\t\t\t\t\t\t\t\t<p>Hiking, cycle touring, camping, courses and activities are part of the wide range of activities that the Montes de M\u00e1laga offer to its visitors.<\/p>\t\t\t\t\t\t\t\t<\/div>\n\t\t\t\t<\/div>\n\t\t\t\t<div class=\"elementor-element elementor-element-a45fc8e elementor-widget elementor-widget-button\" data-id=\"a45fc8e\" data-element_type=\"widget\" data-widget_type=\"button.default\">\n\t\t\t\t<div class=\"elementor-widget-container\">\n\t\t\t\t\t\t\t\t\t<div class=\"elementor-button-wrapper\">\n\t\t\t\t\t<a class=\"elementor-button elementor-button-link elementor-size-sm\" href=\"https:\/\/visita.malaga.eu\/es\/que-ver-y-hacer\/naturaleza\/espacios-naturales\/todos-los-espacios-naturales\/parque-natural-montes-de-malaga\" target=\"_blank\" rel=\"nofollow\">\n\t\t\t\t\t\t<span class=\"elementor-button-content-wrapper\">\n\t\t\t\t\t\t\t\t\t<span class=\"elementor-button-text\">SEE MORE<\/span>\n\t\t\t\t\t<\/span>\n\t\t\t\t\t<\/a>\n\t\t\t\t<\/div>\n\t\t\t\t\t\t\t\t<\/div>\n\t\t\t\t<\/div>\n\t\t\t\t<\/div>\n\t\t\t\t\t<\/div>\n\t\t\t\t<\/div>\n\t\t<div class=\"elementor-element elementor-element-1fe3a7d e-flex e-con-boxed e-con e-parent\" data-id=\"1fe3a7d\" data-element_type=\"container\">\n\t\t\t\t\t<div class=\"e-con-inner\">\n\t\t<div class=\"elementor-element elementor-element-ca112d0 e-con-full e-flex e-con e-child\" data-id=\"ca112d0\" data-element_type=\"container\" data-settings=\"{&quot;background_background&quot;:&quot;classic&quot;}\">\n\t\t\t\t<div class=\"elementor-element elementor-element-45bdec3 elementor-widget elementor-widget-heading\" data-id=\"45bdec3\" data-element_type=\"widget\" data-widget_type=\"heading.default\">\n\t\t\t\t<div class=\"elementor-widget-container\">\n\t\t\t\t\t<h2 class=\"elementor-heading-title elementor-size-default\">Viewpoints<\/h2>\t\t\t\t<\/div>\n\t\t\t\t<\/div>\n\t\t\t\t<div class=\"elementor-element elementor-element-75d857f elementor-widget elementor-widget-text-editor\" data-id=\"75d857f\" data-element_type=\"widget\" data-widget_type=\"text-editor.default\">\n\t\t\t\t<div class=\"elementor-widget-container\">\n\t\t\t\t\t\t\t\t\t<p>If you want to admire the landscape from above, we recommend some viewpoints worth visiting: Mirador de Mart\u00ednez Falero, Mirador del Cochino, Miraor de Francisco V\u00e1zquez Sell, Mirador de Pocop\u00e1n, Mirador del palomar.<\/p>\t\t\t\t\t\t\t\t<\/div>\n\t\t\t\t<\/div>\n\t\t\t\t<div class=\"elementor-element elementor-element-44396ce elementor-widget elementor-widget-button\" data-id=\"44396ce\" data-element_type=\"widget\" data-widget_type=\"button.default\">\n\t\t\t\t<div class=\"elementor-widget-container\">\n\t\t\t\t\t\t\t\t\t<div class=\"elementor-button-wrapper\">\n\t\t\t\t\t<a class=\"elementor-button elementor-button-link elementor-size-sm\" href=\"https:\/\/sites.google.com\/site\/montesdemalagaenbici\/inicio\/lugares\/miradores-del-parque-natural\" target=\"_blank\" rel=\"nofollow\">\n\t\t\t\t\t\t<span class=\"elementor-button-content-wrapper\">\n\t\t\t\t\t\t\t\t\t<span class=\"elementor-button-text\">SEE MORE<\/span>\n\t\t\t\t\t<\/span>\n\t\t\t\t\t<\/a>\n\t\t\t\t<\/div>\n\t\t\t\t\t\t\t\t<\/div>\n\t\t\t\t<\/div>\n\t\t\t\t<\/div>\n\t\t<div class=\"elementor-element elementor-element-bcd06f1 e-con-full e-flex e-con e-child\" data-id=\"bcd06f1\" data-element_type=\"container\" data-settings=\"{&quot;background_background&quot;:&quot;classic&quot;}\">\n\t\t\t\t<\/div>\n\t\t\t\t\t<\/div>\n\t\t\t\t<\/div>\n\t\t<div class=\"elementor-element elementor-element-b987d3e e-flex e-con-boxed e-con e-parent\" data-id=\"b987d3e\" data-element_type=\"container\" data-settings=\"{&quot;background_background&quot;:&quot;classic&quot;}\">\n\t\t\t\t\t<div class=\"e-con-inner\">\n\t\t\t\t<div class=\"elementor-element elementor-element-a9bd99d elementor-widget elementor-widget-heading\" data-id=\"a9bd99d\" data-element_type=\"widget\" data-widget_type=\"heading.default\">\n\t\t\t\t<div class=\"elementor-widget-container\">\n\t\t\t\t\t<h2 class=\"elementor-heading-title elementor-size-default\">Only on our Official Website<\/h2>\t\t\t\t<\/div>\n\t\t\t\t<\/div>\n\t\t\t\t<div class=\"elementor-element elementor-element-5a1df65 elementor-widget elementor-widget-text-editor\" data-id=\"5a1df65\" data-element_type=\"widget\" data-widget_type=\"text-editor.default\">\n\t\t\t\t<div class=\"elementor-widget-container\">\n\t\t\t\t\t\t\t\t\t<p>Book on our official website where you will get the best price online, personalised treatment and direct booking.<\/p>\t\t\t\t\t\t\t\t<\/div>\n\t\t\t\t<\/div>\n\t\t<div class=\"elementor-element elementor-element-3df118a e-con-full e-flex e-con e-child\" data-id=\"3df118a\" data-element_type=\"container\">\n\t\t\t\t<div class=\"elementor-element elementor-element-bb70abc elementor-widget elementor-widget-button\" data-id=\"bb70abc\" data-element_type=\"widget\" data-widget_type=\"button.default\">\n\t\t\t\t<div class=\"elementor-widget-container\">\n\t\t\t\t\t\t\t\t\t<div class=\"elementor-button-wrapper\">\n\t\t\t\t\t<a class=\"elementor-button elementor-button-link elementor-size-sm\" href=\"https:\/\/booking.avirato.com\/?code=82819670&#038;lang=en\" target=\"_blank\">\n\t\t\t\t\t\t<span class=\"elementor-button-content-wrapper\">\n\t\t\t\t\t\t\t\t\t<span class=\"elementor-button-text\">BOOK NOW<\/span>\n\t\t\t\t\t<\/span>\n\t\t\t\t\t<\/a>\n\t\t\t\t<\/div>\n\t\t\t\t\t\t\t\t<\/div>\n\t\t\t\t<\/div>\n\t\t\t\t<div class=\"elementor-element elementor-element-8db8d2c elementor-widget elementor-widget-button\" data-id=\"8db8d2c\" data-element_type=\"widget\" data-widget_type=\"button.default\">\n\t\t\t\t<div class=\"elementor-widget-container\">\n\t\t\t\t\t\t\t\t\t<div class=\"elementor-button-wrapper\">\n\t\t\t\t\t<a class=\"elementor-button elementor-button-link elementor-size-sm\" href=\"tel:+34648201054\" target=\"_blank\">\n\t\t\t\t\t\t<span class=\"elementor-button-content-wrapper\">\n\t\t\t\t\t\t<span class=\"elementor-button-icon\">\n\t\t\t\t<svg aria-hidden=\"true\" class=\"e-font-icon-svg e-fas-phone-volume\" viewBox=\"0 0 384 512\" xmlns=\"http:\/\/www.w3.org\/2000\/svg\"><path d=\"M97.333 506.966c-129.874-129.874-129.681-340.252 0-469.933 5.698-5.698 14.527-6.632 21.263-2.422l64.817 40.513a17.187 17.187 0 0 1 6.849 20.958l-32.408 81.021a17.188 17.188 0 0 1-17.669 10.719l-55.81-5.58c-21.051 58.261-20.612 122.471 0 179.515l55.811-5.581a17.188 17.188 0 0 1 17.669 10.719l32.408 81.022a17.188 17.188 0 0 1-6.849 20.958l-64.817 40.513a17.19 17.19 0 0 1-21.264-2.422zM247.126 95.473c11.832 20.047 11.832 45.008 0 65.055-3.95 6.693-13.108 7.959-18.718 2.581l-5.975-5.726c-3.911-3.748-4.793-9.622-2.261-14.41a32.063 32.063 0 0 0 0-29.945c-2.533-4.788-1.65-10.662 2.261-14.41l5.975-5.726c5.61-5.378 14.768-4.112 18.718 2.581zm91.787-91.187c60.14 71.604 60.092 175.882 0 247.428-4.474 5.327-12.53 5.746-17.552.933l-5.798-5.557c-4.56-4.371-4.977-11.529-.93-16.379 49.687-59.538 49.646-145.933 0-205.422-4.047-4.85-3.631-12.008.93-16.379l5.798-5.557c5.022-4.813 13.078-4.394 17.552.933zm-45.972 44.941c36.05 46.322 36.108 111.149 0 157.546-4.39 5.641-12.697 6.251-17.856 1.304l-5.818-5.579c-4.4-4.219-4.998-11.095-1.285-15.931 26.536-34.564 26.534-82.572 0-117.134-3.713-4.836-3.115-11.711 1.285-15.931l5.818-5.579c5.159-4.947 13.466-4.337 17.856 1.304z\"><\/path><\/svg>\t\t\t<\/span>\n\t\t\t\t\t\t\t\t\t<span class=\"elementor-button-text\">CONTACT<\/span>\n\t\t\t\t\t<\/span>\n\t\t\t\t\t<\/a>\n\t\t\t\t<\/div>\n\t\t\t\t\t\t\t\t<\/div>\n\t\t\t\t<\/div>\n\t\t\t\t<\/div>\n\t\t\t\t\t<\/div>\n\t\t\t\t<\/div>\n\t\t\t\t<\/div>\n\t\t","protected":false},"excerpt":{"rendered":"<p>Activities Humaina is the ideal starting point to enjoy the Natural Park and its nature activities. It has marked hiking trails all around, incredible viewpoints where you can enjoy wonderful views of the city and recreational areas. Unite with the natural environment of the Montes de M\u00e1laga. Hiking Discover the best hiking routes in the [&hellip;]<\/p>\n","protected":false},"author":1,"featured_media":873,"parent":0,"menu_order":0,"comment_status":"closed","ping_status":"closed","template":"elementor_header_footer","meta":{"footnotes":""},"class_list":["post-1167","page","type-page","status-publish","has-post-thumbnail","hentry"],"yoast_head":"<!-- This site is optimized with the Yoast SEO plugin v25.9 - https:\/\/yoast.com\/wordpress\/plugins\/seo\/ -->\n<title>Actividades Humaina - Hotel Humaina<\/title>\n<meta name=\"description\" content=\"Humaina es el punto de partida ideal para disfrutar del Parque Natural y sus actividades en la naturaleza.\" \/>\n<meta name=\"robots\" content=\"index, follow, max-snippet:-1, max-image-preview:large, max-video-preview:-1\" \/>\n<link rel=\"canonical\" href=\"https:\/\/hotelhumainamalaga.com\/actividades-humaina\/\" \/>\n<meta property=\"og:locale\" content=\"es_ES\" \/>\n<meta property=\"og:type\" content=\"article\" \/>\n<meta property=\"og:title\" content=\"Actividades Humaina - Hotel Humaina\" \/>\n<meta property=\"og:description\" content=\"Humaina es el punto de partida ideal para disfrutar del Parque Natural y sus actividades en la naturaleza.\" \/>\n<meta property=\"og:url\" content=\"https:\/\/hotelhumainamalaga.com\/actividades-humaina\/\" \/>\n<meta property=\"og:site_name\" content=\"Hotel Humaina\" \/>\n<meta property=\"article:modified_time\" content=\"2025-04-04T17:59:04+00:00\" \/>\n<meta property=\"og:image\" content=\"https:\/\/hotelhumainamalaga.com\/en\/wp-content\/uploads\/sites\/2\/senderismo-humaina.webp\" \/>\n\t<meta property=\"og:image:width\" content=\"1000\" \/>\n\t<meta property=\"og:image:height\" content=\"667\" \/>\n\t<meta property=\"og:image:type\" content=\"image\/webp\" \/>\n<meta name=\"twitter:card\" content=\"summary_large_image\" \/>\n<meta name=\"twitter:label1\" content=\"Tiempo de lectura\" \/>\n\t<meta name=\"twitter:data1\" content=\"1 minuto\" \/>\n<script type=\"application\/ld+json\" class=\"yoast-schema-graph\">{\"@context\":\"https:\/\/schema.org\",\"@graph\":[{\"@type\":\"WebPage\",\"@id\":\"https:\/\/hotelhumainamalaga.com\/en\/actividades-humaina\/\",\"url\":\"https:\/\/hotelhumainamalaga.com\/actividades-humaina\/\",\"name\":\"Actividades Humaina - Hotel Humaina\",\"isPartOf\":{\"@id\":\"https:\/\/hotelhumainamalaga.com\/en\/#website\"},\"primaryImageOfPage\":{\"@id\":\"https:\/\/hotelhumainamalaga.com\/actividades-humaina\/#primaryimage\"},\"image\":{\"@id\":\"https:\/\/hotelhumainamalaga.com\/actividades-humaina\/#primaryimage\"},\"thumbnailUrl\":\"https:\/\/hotelhumainamalaga.com\/en\/wp-content\/uploads\/sites\/2\/senderismo-humaina.webp\",\"datePublished\":\"2024-12-14T20:26:06+00:00\",\"dateModified\":\"2025-04-04T17:59:04+00:00\",\"description\":\"Humaina es el punto de partida ideal para disfrutar del Parque Natural y sus actividades en la naturaleza.\",\"breadcrumb\":{\"@id\":\"https:\/\/hotelhumainamalaga.com\/actividades-humaina\/#breadcrumb\"},\"inLanguage\":\"es\",\"potentialAction\":[{\"@type\":\"ReadAction\",\"target\":[\"https:\/\/hotelhumainamalaga.com\/actividades-humaina\/\"]}]},{\"@type\":\"ImageObject\",\"inLanguage\":\"es\",\"@id\":\"https:\/\/hotelhumainamalaga.com\/actividades-humaina\/#primaryimage\",\"url\":\"https:\/\/hotelhumainamalaga.com\/en\/wp-content\/uploads\/sites\/2\/senderismo-humaina.webp\",\"contentUrl\":\"https:\/\/hotelhumainamalaga.com\/en\/wp-content\/uploads\/sites\/2\/senderismo-humaina.webp\",\"width\":1000,\"height\":667,\"caption\":\"senderismo humaina\"},{\"@type\":\"BreadcrumbList\",\"@id\":\"https:\/\/hotelhumainamalaga.com\/actividades-humaina\/#breadcrumb\",\"itemListElement\":[{\"@type\":\"ListItem\",\"position\":1,\"name\":\"Portada\",\"item\":\"https:\/\/hotelhumainamalaga.com\/en\/\"},{\"@type\":\"ListItem\",\"position\":2,\"name\":\"Actividades Humaina\"}]},{\"@type\":\"WebSite\",\"@id\":\"https:\/\/hotelhumainamalaga.com\/en\/#website\",\"url\":\"https:\/\/hotelhumainamalaga.com\/en\/\",\"name\":\"Hotel Humaina\",\"description\":\"En el parque natural Los Montes de M\u00e1laga\",\"publisher\":{\"@id\":\"https:\/\/hotelhumainamalaga.com\/en\/#organization\"},\"potentialAction\":[{\"@type\":\"SearchAction\",\"target\":{\"@type\":\"EntryPoint\",\"urlTemplate\":\"https:\/\/hotelhumainamalaga.com\/en\/?s={search_term_string}\"},\"query-input\":{\"@type\":\"PropertyValueSpecification\",\"valueRequired\":true,\"valueName\":\"search_term_string\"}}],\"inLanguage\":\"es\"},{\"@type\":\"Organization\",\"@id\":\"https:\/\/hotelhumainamalaga.com\/en\/#organization\",\"name\":\"Hotel Humaina\",\"url\":\"https:\/\/hotelhumainamalaga.com\/en\/\",\"logo\":{\"@type\":\"ImageObject\",\"inLanguage\":\"es\",\"@id\":\"https:\/\/hotelhumainamalaga.com\/en\/#\/schema\/logo\/image\/\",\"url\":\"https:\/\/hotelhumainamalaga.com\/en\/wp-content\/uploads\/sites\/2\/logo-humaina.png\",\"contentUrl\":\"https:\/\/hotelhumainamalaga.com\/en\/wp-content\/uploads\/sites\/2\/logo-humaina.png\",\"width\":468,\"height\":364,\"caption\":\"Hotel Humaina\"},\"image\":{\"@id\":\"https:\/\/hotelhumainamalaga.com\/en\/#\/schema\/logo\/image\/\"}}]}<\/script>\n<!-- \/ Yoast SEO plugin. -->","yoast_head_json":{"title":"Actividades Humaina - Hotel Humaina","description":"Humaina es el punto de partida ideal para disfrutar del Parque Natural y sus actividades en la naturaleza.","robots":{"index":"index","follow":"follow","max-snippet":"max-snippet:-1","max-image-preview":"max-image-preview:large","max-video-preview":"max-video-preview:-1"},"canonical":"https:\/\/hotelhumainamalaga.com\/actividades-humaina\/","og_locale":"es_ES","og_type":"article","og_title":"Actividades Humaina - Hotel Humaina","og_description":"Humaina es el punto de partida ideal para disfrutar del Parque Natural y sus actividades en la naturaleza.","og_url":"https:\/\/hotelhumainamalaga.com\/actividades-humaina\/","og_site_name":"Hotel Humaina","article_modified_time":"2025-04-04T17:59:04+00:00","og_image":[{"width":1000,"height":667,"url":"https:\/\/hotelhumainamalaga.com\/en\/wp-content\/uploads\/sites\/2\/senderismo-humaina.webp","type":"image\/webp"}],"twitter_card":"summary_large_image","twitter_misc":{"Tiempo de lectura":"1 minuto"},"schema":{"@context":"https:\/\/schema.org","@graph":[{"@type":"WebPage","@id":"https:\/\/hotelhumainamalaga.com\/en\/actividades-humaina\/","url":"https:\/\/hotelhumainamalaga.com\/actividades-humaina\/","name":"Actividades Humaina - Hotel Humaina","isPartOf":{"@id":"https:\/\/hotelhumainamalaga.com\/en\/#website"},"primaryImageOfPage":{"@id":"https:\/\/hotelhumainamalaga.com\/actividades-humaina\/#primaryimage"},"image":{"@id":"https:\/\/hotelhumainamalaga.com\/actividades-humaina\/#primaryimage"},"thumbnailUrl":"https:\/\/hotelhumainamalaga.com\/en\/wp-content\/uploads\/sites\/2\/senderismo-humaina.webp","datePublished":"2024-12-14T20:26:06+00:00","dateModified":"2025-04-04T17:59:04+00:00","description":"Humaina es el punto de partida ideal para disfrutar del Parque Natural y sus actividades en la naturaleza.","breadcrumb":{"@id":"https:\/\/hotelhumainamalaga.com\/actividades-humaina\/#breadcrumb"},"inLanguage":"es","potentialAction":[{"@type":"ReadAction","target":["https:\/\/hotelhumainamalaga.com\/actividades-humaina\/"]}]},{"@type":"ImageObject","inLanguage":"es","@id":"https:\/\/hotelhumainamalaga.com\/actividades-humaina\/#primaryimage","url":"https:\/\/hotelhumainamalaga.com\/en\/wp-content\/uploads\/sites\/2\/senderismo-humaina.webp","contentUrl":"https:\/\/hotelhumainamalaga.com\/en\/wp-content\/uploads\/sites\/2\/senderismo-humaina.webp","width":1000,"height":667,"caption":"senderismo humaina"},{"@type":"BreadcrumbList","@id":"https:\/\/hotelhumainamalaga.com\/actividades-humaina\/#breadcrumb","itemListElement":[{"@type":"ListItem","position":1,"name":"Portada","item":"https:\/\/hotelhumainamalaga.com\/en\/"},{"@type":"ListItem","position":2,"name":"Actividades Humaina"}]},{"@type":"WebSite","@id":"https:\/\/hotelhumainamalaga.com\/en\/#website","url":"https:\/\/hotelhumainamalaga.com\/en\/","name":"Hotel Humaina","description":"En el parque natural Los Montes de M\u00e1laga","publisher":{"@id":"https:\/\/hotelhumainamalaga.com\/en\/#organization"},"potentialAction":[{"@type":"SearchAction","target":{"@type":"EntryPoint","urlTemplate":"https:\/\/hotelhumainamalaga.com\/en\/?s={search_term_string}"},"query-input":{"@type":"PropertyValueSpecification","valueRequired":true,"valueName":"search_term_string"}}],"inLanguage":"es"},{"@type":"Organization","@id":"https:\/\/hotelhumainamalaga.com\/en\/#organization","name":"Hotel Humaina","url":"https:\/\/hotelhumainamalaga.com\/en\/","logo":{"@type":"ImageObject","inLanguage":"es","@id":"https:\/\/hotelhumainamalaga.com\/en\/#\/schema\/logo\/image\/","url":"https:\/\/hotelhumainamalaga.com\/en\/wp-content\/uploads\/sites\/2\/logo-humaina.png","contentUrl":"https:\/\/hotelhumainamalaga.com\/en\/wp-content\/uploads\/sites\/2\/logo-humaina.png","width":468,"height":364,"caption":"Hotel Humaina"},"image":{"@id":"https:\/\/hotelhumainamalaga.com\/en\/#\/schema\/logo\/image\/"}}]}},"_links":{"self":[{"href":"https:\/\/hotelhumainamalaga.com\/en\/wp-json\/wp\/v2\/pages\/1167","targetHints":{"allow":["GET"]}}],"collection":[{"href":"https:\/\/hotelhumainamalaga.com\/en\/wp-json\/wp\/v2\/pages"}],"about":[{"href":"https:\/\/hotelhumainamalaga.com\/en\/wp-json\/wp\/v2\/types\/page"}],"author":[{"embeddable":true,"href":"https:\/\/hotelhumainamalaga.com\/en\/wp-json\/wp\/v2\/users\/1"}],"replies":[{"embeddable":true,"href":"https:\/\/hotelhumainamalaga.com\/en\/wp-json\/wp\/v2\/comments?post=1167"}],"version-history":[{"count":16,"href":"https:\/\/hotelhumainamalaga.com\/en\/wp-json\/wp\/v2\/pages\/1167\/revisions"}],"predecessor-version":[{"id":1564,"href":"https:\/\/hotelhumainamalaga.com\/en\/wp-json\/wp\/v2\/pages\/1167\/revisions\/1564"}],"wp:featuredmedia":[{"embeddable":true,"href":"https:\/\/hotelhumainamalaga.com\/en\/wp-json\/wp\/v2\/media\/873"}],"wp:attachment":[{"href":"https:\/\/hotelhumainamalaga.com\/en\/wp-json\/wp\/v2\/media?parent=1167"}],"curies":[{"name":"wp","href":"https:\/\/api.w.org\/{rel}","templated":true}]}}